{"id":49,"date":"2024-01-04T16:12:50","date_gmt":"2024-01-04T15:12:50","guid":{"rendered":"https:\/\/praktijkkoeleman.nl\/?page_id=49"},"modified":"2024-09-15T13:27:38","modified_gmt":"2024-09-15T12:27:38","slug":"aanbod","status":"publish","type":"page","link":"https:\/\/praktijkkoeleman.nl\/?page_id=49","title":{"rendered":"Behandelvormen"},"content":{"rendered":"\n<p>Binnen mijn behandelingen gebruik ik met name de volgende behandelvormen: EMDR en Cognitieve gedragstherapie.<\/p>\n\n\n\n<div class=\"wp-block-columns alignwide is-layout-flex wp-container-core-columns-is-layout-9d6595d7 wp-block-columns-is-layout-flex\">\n<div class=\"wp-block-column is-layout-flow wp-block-column-is-layout-flow\">\n<div class=\"wp-block-columns is-layout-flex wp-container-core-columns-is-layout-9d6595d7 wp-block-columns-is-layout-flex\">\n<div class=\"wp-block-column is-layout-flow wp-block-column-is-layout-flow\">\n<p><strong>Wat is EMDR?<\/strong><\/p>\n\n\n\n<p>Eye Movement Desensitization and Reprocessing, afgekort tot EMDR, is een therapie voor mensen die last blijven houden van de gevolgen van een schokkende ervaring, zoals een ongeval, seksueel geweld of een geweldsincident. EMDR werd meer dan 25 jaar geleden voor het eerst beschreven door de Amerikaans psychologe Francine Shapiro. In de jaren daarna werd deze procedure verder uitgewerkt en ontwikkeld tot een volwaardige en effectieve therapeutische methode.<\/p>\n\n\n\n<p><em>Wanneer EMDR?<\/em><br>Wat gebeurt er met je na een schokkende, pijnlijke of beangstigende gebeurtenis? Je kunt de gebeurtenis verwerken of je kunt vastlopen in deze verwerking.<\/p>\n\n\n\n<p>Vastlopen in de verwerking kan ervoor zorgen dat je je anders gaat gedragen, soms merk je dat je je anders voelt of dat je anders op je omgeving reageert. Deze veranderingen kunnen heel duidelijk zijn, maar gaan vaak ook heel sluipenderwijs. Dan zijn er anderen in je omgeving die je erop wijzen. Vaak merk je dat je je niet goed voelt, maar je realiseert je wellicht niet dat deze veranderingen bij jezelf te maken hebben met de onverwerkte schokkende gebeurtenis. Het kan zijn dat de schokkende gebeurtenis ervoor zorgt dat je er steeds angstige beelden of gedachten over hebt, waardoor je last hebt van verschillende klachten, zoals angst, somberheid of slaapproblemen. EMDR is dan een eerste-keus behandeling om je van deze klachten af te helpen.<\/p>\n\n\n\n<p><em>Gebeurtenissen:<\/em><br>Verschillende schokkende gebeurtenissen kunnen leiden tot verwerkingsproblemen. Bijvoorbeeld als je slachtoffer bent van een:<\/p>\n\n\n\n<ul class=\"wp-block-list\">\n<li>(auto)ongeval of verwonding<\/li>\n\n\n\n<li>ernstige ziekte<\/li>\n\n\n\n<li>overval<\/li>\n\n\n\n<li>mishandeling of getuige van mishandeling\/geweld<\/li>\n\n\n\n<li>(seksueel) misbruik, aanranding of verkrachting<\/li>\n\n\n\n<li>brand<\/li>\n\n\n\n<li>natuurramp<\/li>\n\n\n\n<li>oorlogssituatie<\/li>\n<\/ul>\n\n\n\n<p>Klachten:<\/p>\n\n\n\n<p>Je kunt verschillende klachten hebben na het meemaken van een schokkende gebeurtenis. Denk aan:<\/p>\n\n\n\n<ul class=\"wp-block-list\">\n<li>nare herinneringen aan de gebeurtenis<\/li>\n\n\n\n<li>herbelevingen (gevoel dat het steeds opnieuw gebeurt)<\/li>\n\n\n\n<li>vermijden van zaken die met de gebeurtenis te maken hebben<\/li>\n\n\n\n<li>sneller ge\u00efrriteerd\/kort lontje<\/li>\n\n\n\n<li>schaamte, schuldgevoel of een negatief zelfbeeld<\/li>\n\n\n\n<li>wantrouwen<\/li>\n\n\n\n<li>een algeheel gevoel van onveiligheid<\/li>\n\n\n\n<li>somberheid<\/li>\n\n\n\n<li>concentratieproblemen<\/li>\n\n\n\n<li>onverklaarbare lichamelijke klachten<\/li>\n\n\n\n<li>slaapproblemen<\/li>\n\n\n\n<li>angsten, paniek, je zorgen maken, onruststress, verhoogde alertheid\/waakzaamheid<\/li>\n<\/ul>\n\n\n\n<p>Als je van deze klachten last hebt, dan spreekt men meestal van een \u2018posttraumatische stress-stoornis\u2019 (PTSS). EMDR is bedoeld voor de behandeling van mensen met PTSS en andere trauma gerelateerde angstklachten.<\/p>\n\n\n\n<p>Ervaringen zoals gepest worden op school of verwaarlozing door je ouders zijn nare ervaringen die vaak niet leiden tot PTSS, maar wel verwerkt kunnen worden middels EMDR.<\/p>\n\n\n\n<p>Bron: Vereniging EMDR<\/p>\n<\/div>\n\n\n\n<div class=\"wp-block-column is-layout-flow wp-block-column-is-layout-flow\">\n<p><strong>Wat is cognitieve gedragstherapie<\/strong>?<\/p>\n\n\n\n<p>Gedragstherapie en cognitieve therapie zijn onafhankelijk van elkaar ontstaan. De laatste 15 jaar zijn beide therapie\u00ebn meer met elkaar ge\u00efntegreerd geraakt. Tegenwoordig worden zij vaak als \u00e9\u00e9n en dezelfde soort psychotherapie beschouwd: cognitieve gedragstherapie of CGT.<\/p>\n\n\n\n<p><em>Cognitieve therapie<\/em><br>Cognitieve therapie gaat vooral uit van de invloed van het denken op het gevoelsleven en het doen. Wie belangrijke zaken en gebeurtenissen in zijn leven gewoonlijk vanuit een negatief standpunt beziet, wordt makkelijker angstig, somber of ge\u00efrriteerd, met alle negatieve gedragingen tot gevolg. In cognitieve therapie onderzoeken therapeut en cli\u00ebnt of die negatieve wijze van denken wel helemaal klopt. Dat gebeurt in nauwe samenwerking met elkaar. De nadruk ligt op het wijzigen van de manier van denken die mensen met een emotioneel probleem hanteren. Wanneer inderdaad blijkt dat de cli\u00ebnt geneigd is om te negatief over allerlei zaken te oordelen, zoeken zij samen uit welke geschiktere manier van denken passend is. Depressieve mensen bekijken bijvoorbeeld of zij inderdaad mislukt zijn in het leven en of andere personen hen werkelijk niet mogen of minachten. Bij het uitwerken van meer realistische standpunten en gedachten maakt de therapeut gebruik van specifieke cognitieve oefeningen en huiswerkafspraken.<\/p>\n\n\n\n<p><em>Gedragstherapie<\/em><br>In gedragstherapie staat het gedrag van de cli\u00ebnt centraal. Hoe iemand handelt bepaalt namelijk in belangrijke mate hoe iemand zich voelt. Wie geneigd is om uit angst bepaalde zaken uit de weg te gaan, zal zijn angst vaak eerder versterken dan verminderen. Wie niet goed weet hoe hij zijn mening het beste naar voren kan brengen, zal eerder onzeker of juist ge\u00efrriteerd worden. Wie niet heeft geleerd hoe hij zich moet beheersen, zal gemakkelijk het slachtoffer worden van zijn eigen impulsiviteit.<\/p>\n\n\n\n<p>Binnen gedragstherapie brengen therapeut en cli\u00ebnt eerst het problematische gedrag en de omstandigheden waarin die voorkomen in kaart. Vervolgens helpt de therapeut de cli\u00ebnt om met beter passende gedragspatronen te reageren op die omstandigheden. Hiervoor worden diverse oefeningen en huiswerk gedaan. Zowel het inventariseren van problematisch gedrag als het bedenken en oefenen van nieuw, beter passend gedrag doen cli\u00ebnt en therapeut samen.<\/p>\n\n\n\n<p>Bron: Vereniging VGCT<\/p>\n<\/div>\n<\/div>\n<\/div>\n<\/div>\n\n\n\n<p><\/p>\n\n\n\n<p><\/p>\n","protected":false},"excerpt":{"rendered":"<p>Binnen mijn behandelingen gebruik ik met name de volgende behandelvormen: EMDR en Cognitieve gedragstherapie. Wat is EMDR? Eye Movement Desensitization and Reprocessing, afgekort tot EMDR, &hellip; <\/p>\n","protected":false},"author":1,"featured_media":0,"parent":0,"menu_order":0,"comment_status":"closed","ping_status":"closed","template":"","meta":{"footnotes":""},"class_list":["post-49","page","type-page","status-publish","hentry","latest_post"],"yoast_head":"<!-- This site is optimized with the Yoast SEO plugin v27.4 - https:\/\/yoast.com\/product\/yoast-seo-wordpress\/ -->\n<title>Behandelvormen -<\/title>\n<meta name=\"robots\" content=\"index, follow, max-snippet:-1, max-image-preview:large, max-video-preview:-1\" \/>\n<link rel=\"canonical\" href=\"https:\/\/praktijkkoeleman.nl\/?page_id=49\" \/>\n<meta property=\"og:locale\" content=\"nl_NL\" \/>\n<meta property=\"og:type\" content=\"article\" \/>\n<meta property=\"og:title\" content=\"Behandelvormen -\" \/>\n<meta property=\"og:description\" content=\"Binnen mijn behandelingen gebruik ik met name de volgende behandelvormen: EMDR en Cognitieve gedragstherapie. Wat is EMDR? Eye Movement Desensitization and Reprocessing, afgekort tot EMDR, &hellip;\" \/>\n<meta property=\"og:url\" content=\"https:\/\/praktijkkoeleman.nl\/?page_id=49\" \/>\n<meta property=\"article:modified_time\" content=\"2024-09-15T12:27:38+00:00\" \/>\n<meta name=\"twitter:card\" content=\"summary_large_image\" \/>\n<meta name=\"twitter:label1\" content=\"Geschatte leestijd\" \/>\n\t<meta name=\"twitter:data1\" content=\"4 minuten\" \/>\n<script type=\"application\/ld+json\" class=\"yoast-schema-graph\">{\"@context\":\"https:\\\/\\\/schema.org\",\"@graph\":[{\"@type\":\"WebPage\",\"@id\":\"https:\\\/\\\/praktijkkoeleman.nl\\\/?page_id=49\",\"url\":\"https:\\\/\\\/praktijkkoeleman.nl\\\/?page_id=49\",\"name\":\"Behandelvormen -\",\"isPartOf\":{\"@id\":\"https:\\\/\\\/praktijkkoeleman.nl\\\/#website\"},\"datePublished\":\"2024-01-04T15:12:50+00:00\",\"dateModified\":\"2024-09-15T12:27:38+00:00\",\"breadcrumb\":{\"@id\":\"https:\\\/\\\/praktijkkoeleman.nl\\\/?page_id=49#breadcrumb\"},\"inLanguage\":\"nl-NL\",\"potentialAction\":[{\"@type\":\"ReadAction\",\"target\":[\"https:\\\/\\\/praktijkkoeleman.nl\\\/?page_id=49\"]}]},{\"@type\":\"BreadcrumbList\",\"@id\":\"https:\\\/\\\/praktijkkoeleman.nl\\\/?page_id=49#breadcrumb\",\"itemListElement\":[{\"@type\":\"ListItem\",\"position\":1,\"name\":\"Home\",\"item\":\"https:\\\/\\\/praktijkkoeleman.nl\\\/\"},{\"@type\":\"ListItem\",\"position\":2,\"name\":\"Behandelvormen\"}]},{\"@type\":\"WebSite\",\"@id\":\"https:\\\/\\\/praktijkkoeleman.nl\\\/#website\",\"url\":\"https:\\\/\\\/praktijkkoeleman.nl\\\/\",\"name\":\"www.praktijkkoeleman.nl\",\"description\":\"\",\"publisher\":{\"@id\":\"https:\\\/\\\/praktijkkoeleman.nl\\\/#organization\"},\"potentialAction\":[{\"@type\":\"SearchAction\",\"target\":{\"@type\":\"EntryPoint\",\"urlTemplate\":\"https:\\\/\\\/praktijkkoeleman.nl\\\/?s={search_term_string}\"},\"query-input\":{\"@type\":\"PropertyValueSpecification\",\"valueRequired\":true,\"valueName\":\"search_term_string\"}}],\"inLanguage\":\"nl-NL\"},{\"@type\":\"Organization\",\"@id\":\"https:\\\/\\\/praktijkkoeleman.nl\\\/#organization\",\"name\":\"Praktijk Koeleman\",\"url\":\"https:\\\/\\\/praktijkkoeleman.nl\\\/\",\"logo\":{\"@type\":\"ImageObject\",\"inLanguage\":\"nl-NL\",\"@id\":\"https:\\\/\\\/praktijkkoeleman.nl\\\/#\\\/schema\\\/logo\\\/image\\\/\",\"url\":\"https:\\\/\\\/praktijkkoeleman.nl\\\/wp-content\\\/uploads\\\/2024\\\/01\\\/cropped-PRAKTIJK-KOELEMAN-2-2.png\",\"contentUrl\":\"https:\\\/\\\/praktijkkoeleman.nl\\\/wp-content\\\/uploads\\\/2024\\\/01\\\/cropped-PRAKTIJK-KOELEMAN-2-2.png\",\"width\":494,\"height\":449,\"caption\":\"Praktijk Koeleman\"},\"image\":{\"@id\":\"https:\\\/\\\/praktijkkoeleman.nl\\\/#\\\/schema\\\/logo\\\/image\\\/\"}}]}<\/script>\n<!-- \/ Yoast SEO plugin. -->","yoast_head_json":{"title":"Behandelvormen -","robots":{"index":"index","follow":"follow","max-snippet":"max-snippet:-1","max-image-preview":"max-image-preview:large","max-video-preview":"max-video-preview:-1"},"canonical":"https:\/\/praktijkkoeleman.nl\/?page_id=49","og_locale":"nl_NL","og_type":"article","og_title":"Behandelvormen -","og_description":"Binnen mijn behandelingen gebruik ik met name de volgende behandelvormen: EMDR en Cognitieve gedragstherapie. Wat is EMDR? Eye Movement Desensitization and Reprocessing, afgekort tot EMDR, &hellip;","og_url":"https:\/\/praktijkkoeleman.nl\/?page_id=49","article_modified_time":"2024-09-15T12:27:38+00:00","twitter_card":"summary_large_image","twitter_misc":{"Geschatte leestijd":"4 minuten"},"schema":{"@context":"https:\/\/schema.org","@graph":[{"@type":"WebPage","@id":"https:\/\/praktijkkoeleman.nl\/?page_id=49","url":"https:\/\/praktijkkoeleman.nl\/?page_id=49","name":"Behandelvormen -","isPartOf":{"@id":"https:\/\/praktijkkoeleman.nl\/#website"},"datePublished":"2024-01-04T15:12:50+00:00","dateModified":"2024-09-15T12:27:38+00:00","breadcrumb":{"@id":"https:\/\/praktijkkoeleman.nl\/?page_id=49#breadcrumb"},"inLanguage":"nl-NL","potentialAction":[{"@type":"ReadAction","target":["https:\/\/praktijkkoeleman.nl\/?page_id=49"]}]},{"@type":"BreadcrumbList","@id":"https:\/\/praktijkkoeleman.nl\/?page_id=49#breadcrumb","itemListElement":[{"@type":"ListItem","position":1,"name":"Home","item":"https:\/\/praktijkkoeleman.nl\/"},{"@type":"ListItem","position":2,"name":"Behandelvormen"}]},{"@type":"WebSite","@id":"https:\/\/praktijkkoeleman.nl\/#website","url":"https:\/\/praktijkkoeleman.nl\/","name":"www.praktijkkoeleman.nl","description":"","publisher":{"@id":"https:\/\/praktijkkoeleman.nl\/#organization"},"potentialAction":[{"@type":"SearchAction","target":{"@type":"EntryPoint","urlTemplate":"https:\/\/praktijkkoeleman.nl\/?s={search_term_string}"},"query-input":{"@type":"PropertyValueSpecification","valueRequired":true,"valueName":"search_term_string"}}],"inLanguage":"nl-NL"},{"@type":"Organization","@id":"https:\/\/praktijkkoeleman.nl\/#organization","name":"Praktijk Koeleman","url":"https:\/\/praktijkkoeleman.nl\/","logo":{"@type":"ImageObject","inLanguage":"nl-NL","@id":"https:\/\/praktijkkoeleman.nl\/#\/schema\/logo\/image\/","url":"https:\/\/praktijkkoeleman.nl\/wp-content\/uploads\/2024\/01\/cropped-PRAKTIJK-KOELEMAN-2-2.png","contentUrl":"https:\/\/praktijkkoeleman.nl\/wp-content\/uploads\/2024\/01\/cropped-PRAKTIJK-KOELEMAN-2-2.png","width":494,"height":449,"caption":"Praktijk Koeleman"},"image":{"@id":"https:\/\/praktijkkoeleman.nl\/#\/schema\/logo\/image\/"}}]}},"_links":{"self":[{"href":"https:\/\/praktijkkoeleman.nl\/index.php?rest_route=\/wp\/v2\/pages\/49","targetHints":{"allow":["GET"]}}],"collection":[{"href":"https:\/\/praktijkkoeleman.nl\/index.php?rest_route=\/wp\/v2\/pages"}],"about":[{"href":"https:\/\/praktijkkoeleman.nl\/index.php?rest_route=\/wp\/v2\/types\/page"}],"author":[{"embeddable":true,"href":"https:\/\/praktijkkoeleman.nl\/index.php?rest_route=\/wp\/v2\/users\/1"}],"replies":[{"embeddable":true,"href":"https:\/\/praktijkkoeleman.nl\/index.php?rest_route=%2Fwp%2Fv2%2Fcomments&post=49"}],"version-history":[{"count":18,"href":"https:\/\/praktijkkoeleman.nl\/index.php?rest_route=\/wp\/v2\/pages\/49\/revisions"}],"predecessor-version":[{"id":296,"href":"https:\/\/praktijkkoeleman.nl\/index.php?rest_route=\/wp\/v2\/pages\/49\/revisions\/296"}],"wp:attachment":[{"href":"https:\/\/praktijkkoeleman.nl\/index.php?rest_route=%2Fwp%2Fv2%2Fmedia&parent=49"}],"curies":[{"name":"wp","href":"https:\/\/api.w.org\/{rel}","templated":true}]}}